{"id":2,"date":"2019-01-21T15:27:25","date_gmt":"2019-01-21T15:27:25","guid":{"rendered":"https:\/\/www.guenoel.fr\/?page_id=2"},"modified":"2024-10-03T11:36:52","modified_gmt":"2024-10-03T10:36:52","slug":"sample-page","status":"publish","type":"page","link":"https:\/\/www.guenoel.fr\/","title":{"rendered":"A PROPOS"},"content":{"rendered":"\n<p>Bienvenue ! <br>Je suis heureux que vous ayez pu acc\u00e9der \u00e0 ce site auto-h\u00e9berg\u00e9 !<\/p>\n\n\n\n<p>J&rsquo;ai termin\u00e9 mes deux ann\u00e9es en programmation C , syst\u00e8mes &amp; blockchain avec: <a href=\"https:\/\/www.holbertonschool.fr\/programme\/specialisations\/systemes-blockchain\">Holberton School Toulouse<\/a>&nbsp; (mai 2022 -&gt; mai&nbsp;2024)<\/p>\n\n\n\n<p>Je cherche mon futur job !<\/p>\n\n\n\n<p><a href=\"https:\/\/www.guenoel.fr\/wp-content\/uploads\/2024\/10\/CV-Franc\u0327ais.pdf\" target=\"_blank\" rel=\"noreferrer noopener\">Mon CV<\/a><\/p>\n\n\n\n<p><a href=\"https:\/\/github.com\/guenoel\" target=\"_blank\" rel=\"noreferrer noopener\">Github<\/a><\/p>\n\n\n\n<p><a href=\"https:\/\/fr.linkedin.com\/in\/gu%C3%A9no%C3%ABl-andrieux-58464569\" target=\"_blank\" rel=\"noreferrer noopener\">LinkedIn<\/a><\/p>\n\n\n\n<p><a href=\"https:\/\/www.facebook.com\/guenoel.andrieux\" target=\"_blank\" rel=\"noreferrer noopener\">Facebook<\/a> (amis)<\/p>\n\n\n\n<p><a href=\"https:\/\/pod.g3l.org\/people\/98ab71b067c7013c6b2364115bb33a84\" target=\"_blank\" rel=\"noreferrer noopener\">Diaspora<\/a><\/p>\n\n\n\n<p><a href=\"https:\/\/mastodon.social\/@guenoel\" target=\"_blank\" rel=\"noreferrer noopener\">Mastodon<\/a><\/p>\n\n\n\n<p><a href=\"https:\/\/demo.cesium.app\/#\/app\/wot\/CTQZd3h8rarJHkNrEztJzgeRJqCHSKnTjeFTB5tDy3TU\/Guenoel\" target=\"_blank\" rel=\"noreferrer noopener\">Monnaie libre G1 (june)<\/a><\/p>\n","protected":false},"excerpt":{"rendered":"<p>Bienvenue ! Je suis heureux que vous ayez pu acc\u00e9der \u00e0 ce site auto-h\u00e9berg\u00e9 ! J&rsquo;ai termin\u00e9 mes deux ann\u00e9es en programmation C , syst\u00e8mes &amp; blockchain avec: Holberton School Toulouse&nbsp; (mai 2022 -&gt; mai&nbsp;2024) Je cherche mon futur job ! Mon CV Github LinkedIn Facebook (amis) Diaspora Mastodon Monnaie libre G1 (june)<\/p>\n","protected":false},"author":1,"featured_media":0,"parent":0,"menu_order":0,"comment_status":"closed","ping_status":"open","template":"","meta":{"footnotes":""},"class_list":["post-2","page","type-page","status-publish","hentry"],"_links":{"self":[{"href":"https:\/\/www.guenoel.fr\/index.php\/wp-json\/wp\/v2\/pages\/2","targetHints":{"allow":["GET"]}}],"collection":[{"href":"https:\/\/www.guenoel.fr\/index.php\/wp-json\/wp\/v2\/pages"}],"about":[{"href":"https:\/\/www.guenoel.fr\/index.php\/wp-json\/wp\/v2\/types\/page"}],"author":[{"embeddable":true,"href":"https:\/\/www.guenoel.fr\/index.php\/wp-json\/wp\/v2\/users\/1"}],"replies":[{"embeddable":true,"href":"https:\/\/www.guenoel.fr\/index.php\/wp-json\/wp\/v2\/comments?post=2"}],"version-history":[{"count":30,"href":"https:\/\/www.guenoel.fr\/index.php\/wp-json\/wp\/v2\/pages\/2\/revisions"}],"predecessor-version":[{"id":235,"href":"https:\/\/www.guenoel.fr\/index.php\/wp-json\/wp\/v2\/pages\/2\/revisions\/235"}],"wp:attachment":[{"href":"https:\/\/www.guenoel.fr\/index.php\/wp-json\/wp\/v2\/media?parent=2"}],"curies":[{"name":"wp","href":"https:\/\/api.w.org\/{rel}","templated":true}]}}